{"id":2303,"date":"2026-04-07T10:46:29","date_gmt":"2026-04-07T17:46:29","guid":{"rendered":"https:\/\/lucyorganics.com\/product\/acido-hialuronico-con-colageno-hidrolizado\/"},"modified":"2026-04-15T11:44:49","modified_gmt":"2026-04-15T18:44:49","slug":"acido-hialuronico-con-colageno-hidrolizado","status":"publish","type":"product","link":"https:\/\/lucyorganics.com\/es\/producto\/acido-hialuronico-con-colageno-hidrolizado\/","title":{"rendered":"\u00c1cido Hialur\u00f3nico con Col\u00e1geno Hidrolizado"},"content":{"rendered":"<p>Es un suplemento potente que combina dos componentes esenciales para la piel y articulaciones. Mejora la firmeza y elasticidad cut\u00e1nea, reduce arrugas, hidrata profundamente y ayuda a la lubricaci\u00f3n articular, aliviando el dolor y fortaleciendo el cabello y u\u00f1as.<br \/>\nBeneficios Clave:<br \/>\nPiel Radiante: El col\u00e1geno brinda estructura y firmeza, mientras que el \u00e1cido hialur\u00f3nico retiene agua, lo que hidrata la piel desde el interior, reduciendo l\u00edneas de expresi\u00f3n.<\/p>\n<p>Salud Articular: Combina la acci\u00f3n estructural del col\u00e1geno con la lubricaci\u00f3n del \u00e1cido hialur\u00f3nico, esencial para reducir el desgaste y dolor en articulaciones y tendones<br \/>\n.<\/p>\n<p>Belleza Integral: Fortalece el cabello y las u\u00f1as, haci\u00e9ndolos menos quebradizos.<\/p>","protected":false},"excerpt":{"rendered":"<p>Acido Hialuronico con Colageno Hidrates and help the skin and articulations<\/p>","protected":false},"featured_media":51,"comment_status":"open","ping_status":"closed","template":"","meta":{"site-sidebar-layout":"default","site-content-layout":"","ast-site-content-layout":"default","site-content-style":"default","site-sidebar-style":"default","ast-global-header-display":"","ast-banner-title-visibility":"","ast-main-header-display":"","ast-hfb-above-header-display":"","ast-hfb-below-header-display":"","ast-hfb-mobile-header-display":"","site-post-title":"","ast-breadcrumbs-content":"","ast-featured-img":"","footer-sml-layout":"","ast-disable-related-posts":"","theme-transparent-header-meta":"","adv-header-id-meta":"","stick-header-meta":"","header-above-stick-meta":"","header-main-stick-meta":"","header-below-stick-meta":"","astra-migrate-meta-layouts":"default","ast-page-background-enabled":"default","ast-page-background-meta":{"desktop":{"background-color":"var(--ast-global-color-5)","background-image":"","background-repeat":"repeat","background-position":"center center","background-size":"auto","background-attachment":"scroll","background-type":"","background-media":"","overlay-type":"","overlay-color":"","overlay-opacity":"","overlay-gradient":""},"tablet":{"background-color":"","background-image":"","background-repeat":"repeat","background-position":"center center","background-size":"auto","background-attachment":"scroll","background-type":"","background-media":"","overlay-type":"","overlay-color":"","overlay-opacity":"","overlay-gradient":""},"mobile":{"background-color":"","background-image":"","background-repeat":"repeat","background-position":"center center","background-size":"auto","background-attachment":"scroll","background-type":"","background-media":"","overlay-type":"","overlay-color":"","overlay-opacity":"","overlay-gradient":""}},"ast-content-background-meta":{"desktop":{"background-color":"var(--ast-global-color-4)","background-image":"","background-repeat":"repeat","background-position":"center center","background-size":"auto","background-attachment":"scroll","background-type":"","background-media":"","overlay-type":"","overlay-color":"","overlay-opacity":"","overlay-gradient":""},"tablet":{"background-color":"var(--ast-global-color-4)","background-image":"","background-repeat":"repeat","background-position":"center center","background-size":"auto","background-attachment":"scroll","background-type":"","background-media":"","overlay-type":"","overlay-color":"","overlay-opacity":"","overlay-gradient":""},"mobile":{"background-color":"var(--ast-global-color-4)","background-image":"","background-repeat":"repeat","background-position":"center center","background-size":"auto","background-attachment":"scroll","background-type":"","background-media":"","overlay-type":"","overlay-color":"","overlay-opacity":"","overlay-gradient":""}},"_kadence_starter_templates_imported_post":false},"product_brand":[],"product_cat":[107],"product_tag":[],"class_list":{"0":"post-2303","1":"product","2":"type-product","3":"status-publish","4":"has-post-thumbnail","6":"product_cat-beauty-wellness-2","7":"desktop-align-left","8":"tablet-align-left","9":"mobile-align-left","11":"first","12":"instock","13":"taxable","14":"shipping-taxable","15":"purchasable","16":"product-type-simple"},"_links":{"self":[{"href":"https:\/\/lucyorganics.com\/es\/wp-json\/wp\/v2\/product\/2303","targetHints":{"allow":["GET"]}}],"collection":[{"href":"https:\/\/lucyorganics.com\/es\/wp-json\/wp\/v2\/product"}],"about":[{"href":"https:\/\/lucyorganics.com\/es\/wp-json\/wp\/v2\/types\/product"}],"replies":[{"embeddable":true,"href":"https:\/\/lucyorganics.com\/es\/wp-json\/wp\/v2\/comments?post=2303"}],"wp:featuredmedia":[{"embeddable":true,"href":"https:\/\/lucyorganics.com\/es\/wp-json\/wp\/v2\/media\/51"}],"wp:attachment":[{"href":"https:\/\/lucyorganics.com\/es\/wp-json\/wp\/v2\/media?parent=2303"}],"wp:term":[{"taxonomy":"product_brand","embeddable":true,"href":"https:\/\/lucyorganics.com\/es\/wp-json\/wp\/v2\/product_brand?post=2303"},{"taxonomy":"product_cat","embeddable":true,"href":"https:\/\/lucyorganics.com\/es\/wp-json\/wp\/v2\/product_cat?post=2303"},{"taxonomy":"product_tag","embeddable":true,"href":"https:\/\/lucyorganics.com\/es\/wp-json\/wp\/v2\/product_tag?post=2303"}],"curies":[{"name":"wp","href":"https:\/\/api.w.org\/{rel}","templated":true}]}}